{"id":2271,"date":"2020-06-21T10:07:30","date_gmt":"2020-06-21T13:07:30","guid":{"rendered":"https:\/\/bannerpedia.com\/?page_id=2271"},"modified":"2022-11-15T14:43:52","modified_gmt":"2022-11-15T17:43:52","slug":"aviso-legal","status":"publish","type":"page","link":"https:\/\/bannerpedia.com\/index.php\/aviso-legal\/","title":{"rendered":"Aviso Legal"},"content":{"rendered":"\t\t<div data-elementor-type=\"wp-page\" data-elementor-id=\"2271\" class=\"elementor elementor-2271\" data-elementor-post-type=\"page\">\n\t\t\t\t\t\t<section class=\"elementor-section elementor-top-section elementor-element elementor-element-380843a0 elementor-section-boxed elementor-section-height-default elementor-section-height-default\" data-id=\"380843a0\" data-element_type=\"section\">\n\t\t\t\t\t\t<div class=\"elementor-container elementor-column-gap-default\">\n\t\t\t\t\t<div class=\"elementor-column elementor-col-100 elementor-top-column elementor-element elementor-element-2e8eb66e\" data-id=\"2e8eb66e\" data-element_type=\"column\">\n\t\t\t<div class=\"elementor-widget-wrap elementor-element-populated\">\n\t\t\t\t\t\t<div class=\"elementor-element elementor-element-7a8a4451 elementor-widget elementor-widget-text-editor\" data-id=\"7a8a4451\" data-element_type=\"widget\" data-widget_type=\"text-editor.default\">\n\t\t\t\t<div class=\"elementor-widget-container\">\n\t\t\t\t\t\t\t<!-- wp:heading {\"textColor\":\"very-dark-gray\"} -->\n<h2 id=\"finalidad\" class=\"has-very-dark-gray-color has-text-color\" style=\"text-align: center;\"><span style=\"color: #ffffff;\">Finalidad<\/span><\/h2>\n<!-- \/wp:heading --><!-- wp:paragraph -->\n<p style=\"text-align: center;\">La finalidad del sitio Web\u00a0WWW.BANNERPEDIA.COM y todo su contenido almacenado en ella\u00a0es\u00a0de car\u00e1cter informativo enfocado al entretenimiento.<\/p>\n<!-- \/wp:paragraph --><!-- wp:heading {\"textColor\":\"very-dark-gray\"} -->\n<h2 id=\"condiciones-de-uso\" class=\"has-very-dark-gray-color has-text-color\" style=\"text-align: center;\"><span style=\"color: #ffffff;\">Condiciones de Uso<\/span><\/h2>\n<!-- \/wp:heading --><!-- wp:paragraph -->\n<p style=\"text-align: center;\">La utilizaci\u00f3n del sitio Web le otorga la condici\u00f3n de Usuario, e implica la aceptaci\u00f3n completa de todas las cl\u00e1usulas y condiciones de uso incluidas en las p\u00e1ginas:<\/p>\n<!-- \/wp:paragraph --><!-- wp:list -->\n<ul style=\"text-align: center;\">\n<li style=\"text-align: left;\">Aviso Legal<\/li>\n<li style=\"text-align: left;\">Pol\u00edtica de Privacidad<\/li>\n<li style=\"text-align: left;\">Pol\u00edtica de Cookies<\/li>\n<\/ul>\n<!-- \/wp:list --><!-- wp:paragraph -->\n<p style=\"text-align: left;\">Si no estuviera conforme con todas y cada una de estas cl\u00e1usulas y condiciones abst\u00e9ngase de utilizar este sitio Web.<\/p>\n<!-- \/wp:paragraph --><!-- wp:paragraph -->\n<p style=\"text-align: left;\">El acceso a este sitio Web no supone, en modo alguno, el inicio de una relaci\u00f3n comercial con el Titular.<\/p>\n<!-- \/wp:paragraph --><!-- wp:paragraph -->\n<p style=\"text-align: left;\">A trav\u00e9s de este sitio Web, el Titular le facilita el acceso y la utilizaci\u00f3n de diversos contenidos que el Titular o sus colaboradores han publicadon por medio de Internet.<\/p>\n<!-- \/wp:paragraph --><!-- wp:paragraph -->\n<p style=\"text-align: left;\">A tal efecto, usted est\u00e1 obligado y comprometido a NO utilizar cualquiera de los contenidos del sitio Web con fines o efectos il\u00edcitos, prohibidos en este Aviso Legal o por la legislaci\u00f3n vigente, lesivos de los derechos e intereses de terceros, o que de cualquier forma puedan da\u00f1ar, inutilizar, sobrecargar, deteriorar o impedir la normal utilizaci\u00f3n de los contenidos, los equipos inform\u00e1ticos o los documentos, archivos y toda clase de contenidos almacenados en cualquier equipo inform\u00e1tico propios o contratados por el Titular, de otros usuarios o de cualquier usuario de Internet.<\/p>\n<!-- \/wp:paragraph --><!-- wp:heading {\"textColor\":\"very-dark-gray\"} -->\n<h2 id=\"comentarios-smallopcionalsmall\" class=\"has-very-dark-gray-color has-text-color\" style=\"text-align: left;\"><span style=\"color: #ffffff;\">Comentarios\u00a0<\/span><\/h2>\n<!-- \/wp:heading --><!-- wp:paragraph -->\n<p style=\"text-align: left;\">El Titular se reserva el derecho de retirar todos aquellos comentarios que vulneren la legislaci\u00f3n vigente, lesivos de los derechos o intereses de terceros, o que, a su juicio, no resulten adecuados para su publicaci\u00f3n.<\/p>\n<!-- \/wp:paragraph --><!-- wp:paragraph -->\n<p style=\"text-align: left;\">El Titular no ser\u00e1 responsable de las opiniones vertidas por los usuarios a trav\u00e9s del sistema de comentarios, redes sociales u otras herramientas de participaci\u00f3n, conforme a lo previsto en la normativa de aplicaci\u00f3n.<\/p>\n<!-- \/wp:paragraph -->\t\t\t\t\t\t<\/div>\n\t\t\t\t<\/div>\n\t\t\t\t\t<\/div>\n\t\t<\/div>\n\t\t\t\t\t<\/div>\n\t\t<\/section>\n\t\t\t\t<\/div>\n\t\t","protected":false},"excerpt":{"rendered":"<p>Finalidad La finalidad del sitio Web&nbsp;WWW.BANNERPEDIA.COM y todo su contenido almacenado en ella&nbsp;es&nbsp;de car\u00e1cter informativo enfocado al entretenimiento. Condiciones de Uso La utilizaci\u00f3n del sitio Web le otorga la condici\u00f3n de Usuario, e implica la aceptaci\u00f3n completa de todas las cl\u00e1usulas y condiciones de uso incluidas en las p\u00e1ginas: Aviso Legal Pol\u00edtica de Privacidad Pol\u00edtica [&hellip;]<\/p>\n","protected":false},"author":1,"featured_media":0,"parent":0,"menu_order":0,"comment_status":"closed","ping_status":"closed","template":"","meta":{"site-sidebar-layout":"default","site-content-layout":"default","ast-site-content-layout":"","site-content-style":"default","site-sidebar-style":"default","ast-global-header-display":"","ast-banner-title-visibility":"","ast-main-header-display":"","ast-hfb-above-header-display":"","ast-hfb-below-header-display":"","ast-hfb-mobile-header-display":"","site-post-title":"","ast-breadcrumbs-content":"","ast-featured-img":"","footer-sml-layout":"","theme-transparent-header-meta":"default","adv-header-id-meta":"","stick-header-meta":"default","header-above-stick-meta":"","header-main-stick-meta":"","header-below-stick-meta":"","astra-migrate-meta-layouts":"default","ast-page-background-enabled":"default","ast-page-background-meta":{"desktop":{"background-color":"","background-image":"","background-repeat":"repeat","background-position":"center center","background-size":"auto","background-attachment":"scroll","background-type":"","background-media":"","overlay-type":"","overlay-color":"","overlay-opacity":"","overlay-gradient":""},"tablet":{"background-color":"","background-image":"","background-repeat":"repeat","background-position":"center center","background-size":"auto","background-attachment":"scroll","background-type":"","background-media":"","overlay-type":"","overlay-color":"","overlay-opacity":"","overlay-gradient":""},"mobile":{"background-color":"","background-image":"","background-repeat":"repeat","background-position":"center center","background-size":"auto","background-attachment":"scroll","background-type":"","background-media":"","overlay-type":"","overlay-color":"","overlay-opacity":"","overlay-gradient":""}},"ast-content-background-meta":{"desktop":{"background-color":"var(--ast-global-color-5)","background-image":"","background-repeat":"repeat","background-position":"center center","background-size":"auto","background-attachment":"scroll","background-type":"","background-media":"","overlay-type":"","overlay-color":"","overlay-opacity":"","overlay-gradient":""},"tablet":{"background-color":"var(--ast-global-color-5)","background-image":"","background-repeat":"repeat","background-position":"center center","background-size":"auto","background-attachment":"scroll","background-type":"","background-media":"","overlay-type":"","overlay-color":"","overlay-opacity":"","overlay-gradient":""},"mobile":{"background-color":"var(--ast-global-color-5)","background-image":"","background-repeat":"repeat","background-position":"center center","background-size":"auto","background-attachment":"scroll","background-type":"","background-media":"","overlay-type":"","overlay-color":"","overlay-opacity":"","overlay-gradient":""}},"footnotes":""},"class_list":["post-2271","page","type-page","status-publish","hentry"],"yoast_head":"<!-- This site is optimized with the Yoast SEO plugin v24.0 - https:\/\/yoast.com\/wordpress\/plugins\/seo\/ -->\n<title>Aviso Legal | Banner pedia<\/title>\n<meta name=\"robots\" content=\"index, follow, max-snippet:-1, max-image-preview:large, max-video-preview:-1\" \/>\n<link rel=\"canonical\" href=\"https:\/\/bannerpedia.com\/index.php\/aviso-legal\/\" \/>\n<meta property=\"og:locale\" content=\"en_US\" \/>\n<meta property=\"og:type\" content=\"article\" \/>\n<meta property=\"og:title\" content=\"Aviso Legal | Banner pedia\" \/>\n<meta property=\"og:description\" content=\"Finalidad La finalidad del sitio Web&nbsp;WWW.BANNERPEDIA.COM y todo su contenido almacenado en ella&nbsp;es&nbsp;de car\u00e1cter informativo enfocado al entretenimiento. Condiciones de Uso La utilizaci\u00f3n del sitio Web le otorga la condici\u00f3n de Usuario, e implica la aceptaci\u00f3n completa de todas las cl\u00e1usulas y condiciones de uso incluidas en las p\u00e1ginas: Aviso Legal Pol\u00edtica de Privacidad Pol\u00edtica [&hellip;]\" \/>\n<meta property=\"og:url\" content=\"https:\/\/bannerpedia.com\/index.php\/aviso-legal\/\" \/>\n<meta property=\"og:site_name\" content=\"Banner pedia\" \/>\n<meta property=\"article:modified_time\" content=\"2022-11-15T17:43:52+00:00\" \/>\n<meta name=\"twitter:card\" content=\"summary_large_image\" \/>\n<meta name=\"twitter:label1\" content=\"Est. reading time\" \/>\n\t<meta name=\"twitter:data1\" content=\"2 minutes\" \/>\n<script type=\"application\/ld+json\" class=\"yoast-schema-graph\">{\"@context\":\"https:\/\/schema.org\",\"@graph\":[{\"@type\":\"WebPage\",\"@id\":\"https:\/\/bannerpedia.com\/index.php\/aviso-legal\/\",\"url\":\"https:\/\/bannerpedia.com\/index.php\/aviso-legal\/\",\"name\":\"Aviso Legal | Banner pedia\",\"isPartOf\":{\"@id\":\"https:\/\/bannerpedia.com\/#website\"},\"datePublished\":\"2020-06-21T13:07:30+00:00\",\"dateModified\":\"2022-11-15T17:43:52+00:00\",\"breadcrumb\":{\"@id\":\"https:\/\/bannerpedia.com\/index.php\/aviso-legal\/#breadcrumb\"},\"inLanguage\":\"en-US\",\"potentialAction\":[{\"@type\":\"ReadAction\",\"target\":[\"https:\/\/bannerpedia.com\/index.php\/aviso-legal\/\"]}]},{\"@type\":\"BreadcrumbList\",\"@id\":\"https:\/\/bannerpedia.com\/index.php\/aviso-legal\/#breadcrumb\",\"itemListElement\":[{\"@type\":\"ListItem\",\"position\":1,\"name\":\"Portada\",\"item\":\"https:\/\/bannerpedia.com\/\"},{\"@type\":\"ListItem\",\"position\":2,\"name\":\"Aviso Legal\"}]},{\"@type\":\"WebSite\",\"@id\":\"https:\/\/bannerpedia.com\/#website\",\"url\":\"https:\/\/bannerpedia.com\/\",\"name\":\"Banner pedia\",\"description\":\"\",\"publisher\":{\"@id\":\"https:\/\/bannerpedia.com\/#organization\"},\"potentialAction\":[{\"@type\":\"SearchAction\",\"target\":{\"@type\":\"EntryPoint\",\"urlTemplate\":\"https:\/\/bannerpedia.com\/?s={search_term_string}\"},\"query-input\":{\"@type\":\"PropertyValueSpecification\",\"valueRequired\":true,\"valueName\":\"search_term_string\"}}],\"inLanguage\":\"en-US\"},{\"@type\":\"Organization\",\"@id\":\"https:\/\/bannerpedia.com\/#organization\",\"name\":\"Banner pedia\",\"url\":\"https:\/\/bannerpedia.com\/\",\"logo\":{\"@type\":\"ImageObject\",\"inLanguage\":\"en-US\",\"@id\":\"https:\/\/bannerpedia.com\/#\/schema\/logo\/image\/\",\"url\":\"https:\/\/bannerpedia.com\/wp-content\/uploads\/2020\/05\/logo-banner-pedia-e1591752807397.png\",\"contentUrl\":\"https:\/\/bannerpedia.com\/wp-content\/uploads\/2020\/05\/logo-banner-pedia-e1591752807397.png\",\"width\":150,\"height\":98,\"caption\":\"Banner pedia\"},\"image\":{\"@id\":\"https:\/\/bannerpedia.com\/#\/schema\/logo\/image\/\"}}]}<\/script>\n<!-- \/ Yoast SEO plugin. -->","yoast_head_json":{"title":"Aviso Legal | Banner pedia","robots":{"index":"index","follow":"follow","max-snippet":"max-snippet:-1","max-image-preview":"max-image-preview:large","max-video-preview":"max-video-preview:-1"},"canonical":"https:\/\/bannerpedia.com\/index.php\/aviso-legal\/","og_locale":"en_US","og_type":"article","og_title":"Aviso Legal | Banner pedia","og_description":"Finalidad La finalidad del sitio Web&nbsp;WWW.BANNERPEDIA.COM y todo su contenido almacenado en ella&nbsp;es&nbsp;de car\u00e1cter informativo enfocado al entretenimiento. Condiciones de Uso La utilizaci\u00f3n del sitio Web le otorga la condici\u00f3n de Usuario, e implica la aceptaci\u00f3n completa de todas las cl\u00e1usulas y condiciones de uso incluidas en las p\u00e1ginas: Aviso Legal Pol\u00edtica de Privacidad Pol\u00edtica [&hellip;]","og_url":"https:\/\/bannerpedia.com\/index.php\/aviso-legal\/","og_site_name":"Banner pedia","article_modified_time":"2022-11-15T17:43:52+00:00","twitter_card":"summary_large_image","twitter_misc":{"Est. reading time":"2 minutes"},"schema":{"@context":"https:\/\/schema.org","@graph":[{"@type":"WebPage","@id":"https:\/\/bannerpedia.com\/index.php\/aviso-legal\/","url":"https:\/\/bannerpedia.com\/index.php\/aviso-legal\/","name":"Aviso Legal | Banner pedia","isPartOf":{"@id":"https:\/\/bannerpedia.com\/#website"},"datePublished":"2020-06-21T13:07:30+00:00","dateModified":"2022-11-15T17:43:52+00:00","breadcrumb":{"@id":"https:\/\/bannerpedia.com\/index.php\/aviso-legal\/#breadcrumb"},"inLanguage":"en-US","potentialAction":[{"@type":"ReadAction","target":["https:\/\/bannerpedia.com\/index.php\/aviso-legal\/"]}]},{"@type":"BreadcrumbList","@id":"https:\/\/bannerpedia.com\/index.php\/aviso-legal\/#breadcrumb","itemListElement":[{"@type":"ListItem","position":1,"name":"Portada","item":"https:\/\/bannerpedia.com\/"},{"@type":"ListItem","position":2,"name":"Aviso Legal"}]},{"@type":"WebSite","@id":"https:\/\/bannerpedia.com\/#website","url":"https:\/\/bannerpedia.com\/","name":"Banner pedia","description":"","publisher":{"@id":"https:\/\/bannerpedia.com\/#organization"},"potentialAction":[{"@type":"SearchAction","target":{"@type":"EntryPoint","urlTemplate":"https:\/\/bannerpedia.com\/?s={search_term_string}"},"query-input":{"@type":"PropertyValueSpecification","valueRequired":true,"valueName":"search_term_string"}}],"inLanguage":"en-US"},{"@type":"Organization","@id":"https:\/\/bannerpedia.com\/#organization","name":"Banner pedia","url":"https:\/\/bannerpedia.com\/","logo":{"@type":"ImageObject","inLanguage":"en-US","@id":"https:\/\/bannerpedia.com\/#\/schema\/logo\/image\/","url":"https:\/\/bannerpedia.com\/wp-content\/uploads\/2020\/05\/logo-banner-pedia-e1591752807397.png","contentUrl":"https:\/\/bannerpedia.com\/wp-content\/uploads\/2020\/05\/logo-banner-pedia-e1591752807397.png","width":150,"height":98,"caption":"Banner pedia"},"image":{"@id":"https:\/\/bannerpedia.com\/#\/schema\/logo\/image\/"}}]}},"_links":{"self":[{"href":"https:\/\/bannerpedia.com\/index.php\/wp-json\/wp\/v2\/pages\/2271","targetHints":{"allow":["GET"]}}],"collection":[{"href":"https:\/\/bannerpedia.com\/index.php\/wp-json\/wp\/v2\/pages"}],"about":[{"href":"https:\/\/bannerpedia.com\/index.php\/wp-json\/wp\/v2\/types\/page"}],"author":[{"embeddable":true,"href":"https:\/\/bannerpedia.com\/index.php\/wp-json\/wp\/v2\/users\/1"}],"replies":[{"embeddable":true,"href":"https:\/\/bannerpedia.com\/index.php\/wp-json\/wp\/v2\/comments?post=2271"}],"version-history":[{"count":10,"href":"https:\/\/bannerpedia.com\/index.php\/wp-json\/wp\/v2\/pages\/2271\/revisions"}],"predecessor-version":[{"id":6342,"href":"https:\/\/bannerpedia.com\/index.php\/wp-json\/wp\/v2\/pages\/2271\/revisions\/6342"}],"wp:attachment":[{"href":"https:\/\/bannerpedia.com\/index.php\/wp-json\/wp\/v2\/media?parent=2271"}],"curies":[{"name":"wp","href":"https:\/\/api.w.org\/{rel}","templated":true}]}}