{"id":2274,"date":"2020-06-21T10:13:33","date_gmt":"2020-06-21T13:13:33","guid":{"rendered":"https:\/\/bannerpedia.com\/?page_id=2274"},"modified":"2022-11-15T15:03:58","modified_gmt":"2022-11-15T18:03:58","slug":"politicas-de-cookies","status":"publish","type":"page","link":"https:\/\/bannerpedia.com\/index.php\/politicas-de-cookies\/","title":{"rendered":"Politicas de cookies"},"content":{"rendered":"\t\t<div data-elementor-type=\"wp-page\" data-elementor-id=\"2274\" class=\"elementor elementor-2274\" data-elementor-post-type=\"page\">\n\t\t\t\t\t\t<section class=\"elementor-section elementor-top-section elementor-element elementor-element-6be82702 elementor-section-boxed elementor-section-height-default elementor-section-height-default\" data-id=\"6be82702\" data-element_type=\"section\">\n\t\t\t\t\t\t<div class=\"elementor-container elementor-column-gap-default\">\n\t\t\t\t\t<div class=\"elementor-column elementor-col-100 elementor-top-column elementor-element elementor-element-5b6cb967\" data-id=\"5b6cb967\" data-element_type=\"column\">\n\t\t\t<div class=\"elementor-widget-wrap elementor-element-populated\">\n\t\t\t\t\t\t<div class=\"elementor-element elementor-element-41a1a067 elementor-widget elementor-widget-text-editor\" data-id=\"41a1a067\" data-element_type=\"widget\" data-widget_type=\"text-editor.default\">\n\t\t\t\t<div class=\"elementor-widget-container\">\n\t\t\t\t\t\t\t<!-- wp:heading -->\n<h2 id=\"medidas-de-seguridad\"><span style=\"color: #ffffff;\">Medidas de seguridad<\/span><\/h2>\n<p><span style=\"color: #ffffff;\"><!-- \/wp:heading --><!-- wp:paragraph --><\/span><\/p>\n<p><span style=\"color: #ffffff;\">Los datos personales que facilite al Titular pueden ser almacenados en bases de datos automatizadas o no, cuya titularidad corresponde en exclusiva a el Titular, que asume todas las medidas de \u00edndole t\u00e9cnica, organizativa y de seguridad que garantizan la confidencialidad, integridad y calidad de la informaci\u00f3n contenida en las mismas de acuerdo con lo establecido en la normativa vigente en protecci\u00f3n de datos.<\/span><\/p>\n<p><span style=\"color: #ffffff;\"><!-- \/wp:paragraph --><!-- wp:paragraph --><\/span><\/p>\n<p><span style=\"color: #ffffff;\">No obstante, debe ser consciente de que las medidas de seguridad de los sistemas inform\u00e1ticos en Internet no son enteramente fiables y que, por tanto el Titular no puede garantizar la inexistencia de virus u otros elementos que puedan producir alteraciones en los sistemas inform\u00e1ticos (software y hardware) del Usuario o en sus documentos electr\u00f3nicos y ficheros contenidos en los mismos aunque el Titular pone todos los medios necesarios y toma las medidas de seguridad oportunas para evitar la presencia de estos elementos da\u00f1inos.<\/span><\/p>\n<p><span style=\"color: #ffffff;\"><!-- \/wp:paragraph --><!-- wp:heading --><\/span><\/p>\n<h2 id=\"datos-personales\"><span style=\"color: #ffffff;\">Datos personales<\/span><\/h2>\n<p><span style=\"color: #ffffff;\"><!-- \/wp:heading --><!-- wp:paragraph --><\/span><\/p>\n<p><span style=\"color: #ffffff;\">Usted puede consultar toda la informaci\u00f3n relativa al tratamiento de datos personales que recoge el Titular en la p\u00e1gina de la Pol\u00edtica de Privacidad.<\/span><\/p>\n<p><span style=\"color: #ffffff;\"><!-- \/wp:paragraph --><!-- wp:heading --><\/span><\/p>\n<h2 id=\"contenidos\"><span style=\"color: #ffffff;\">Contenidos<\/span><\/h2>\n<p><span style=\"color: #ffffff;\"><!-- \/wp:heading --><!-- wp:paragraph --><\/span><\/p>\n<p><span style=\"color: #ffffff;\">El Titular ha obtenido la informaci\u00f3n, el contenido multimedia y los materiales incluidos en el sitio Web de fuentes que considera fiables, pero, si bien ha tomado todas las medidas razonables para asegurar que la informaci\u00f3n contenida es correcta, el Titular no garantiza que sea exacta, completa o actualizada. El Titular declina expresamente cualquier responsabilidad por error u omisi\u00f3n en la informaci\u00f3n contenida en las p\u00e1ginas de este sitio Web.<\/span><\/p>\n<p><span style=\"color: #ffffff;\"><!-- \/wp:paragraph --><!-- wp:paragraph --><\/span><\/p>\n<p><span style=\"color: #ffffff;\">Queda prohibido transmitir o enviar a trav\u00e9s del sitio Web cualquier contenido ilegal o il\u00edcito, virus inform\u00e1ticos, o mensajes que, en general, afecten o violen derechos de\u00a0el Titular o de terceros.<\/span><\/p>\n<p><span style=\"color: #ffffff;\"><!-- \/wp:paragraph --><!-- wp:paragraph --><\/span><\/p>\n<p><span style=\"color: #ffffff;\">Los contenidos del Sitio Web tienen \u00fanicamente una finalidad informativa y bajo ninguna circunstancia deben usarse ni considerarse como oferta de venta, solicitud de una oferta de compra ni recomendaci\u00f3n para realizar cualquier otra operaci\u00f3n, salvo que as\u00ed se indique expresamente.<\/span><\/p>\n<p><span style=\"color: #ffffff;\"><!-- \/wp:paragraph --><!-- wp:paragraph --><\/span><\/p>\n<p><span style=\"color: #ffffff;\">El Titular se reserva el derecho a modificar, suspender, cancelar o restringir el contenido del Sitio Web, los v\u00ednculos o la informaci\u00f3n obtenida a trav\u00e9s del sitio Web, sin necesidad de previo aviso.<\/span><\/p>\n<p><span style=\"color: #ffffff;\"><!-- \/wp:paragraph --><!-- wp:paragraph --><\/span><\/p>\n<p><span style=\"color: #ffffff;\">El Titular no es responsable de los da\u00f1os y perjuicios que pudieran derivarse de la utilizaci\u00f3n de la informaci\u00f3n del sitio Web o de la contenida en las redes sociales del Titular.<\/span><\/p>\n<p><span style=\"color: #ffffff;\"><!-- \/wp:paragraph --><!-- wp:heading --><\/span><\/p>\n<h2 id=\"poltica-de-cookies\"><span style=\"color: #ffffff;\">Pol\u00edtica de cookies<\/span><\/h2>\n<p><span style=\"color: #ffffff;\"><!-- \/wp:heading --><!-- wp:paragraph --><\/span><\/p>\n<p><span style=\"color: #ffffff;\">En la p\u00e1gina Pol\u00edtica de Cookies puede consultar toda la informaci\u00f3n relativa a la pol\u00edtica de recogida y tratamiento de las cookies.<\/span><\/p>\n<p><span style=\"color: #ffffff;\"><!-- \/wp:paragraph --><!-- wp:paragraph --><\/span><\/p>\n<p><span style=\"color: #ffffff;\">El Titular s\u00f3lo obtiene y conserva la siguiente informaci\u00f3n acerca de los visitantes del Sitio Web:<\/span><\/p>\n<p><span style=\"color: #ffffff;\"><!-- \/wp:paragraph --><!-- wp:list --><\/span><\/p>\n<ul>\n<li><span style=\"color: #ffffff;\">El nombre de dominio del proveedor (PSI) y\/o direcci\u00f3n IP que les da acceso a la red.<\/span><\/li>\n<li><span style=\"color: #ffffff;\">La fecha y hora de acceso al sitio Web.<\/span><\/li>\n<li><span style=\"color: #ffffff;\">La direcci\u00f3n de Internet origen del enlace que dirige al sitio Web.<\/span><\/li>\n<li><span style=\"color: #ffffff;\">El n\u00famero de visitantes diarios de cada secci\u00f3n.<\/span><\/li>\n<li><span style=\"color: #ffffff;\">La informaci\u00f3n obtenida es totalmente an\u00f3nima, y en ning\u00fan caso puede ser asociada a un Usuario concreto e identificado.<\/span><\/li>\n<\/ul>\n<p><span style=\"color: #ffffff;\"><!-- \/wp:list --><!-- wp:heading --><\/span><\/p>\n<h2 id=\"enlaces-de-inters-a-otros-sitios-web\"><span style=\"color: #ffffff;\">Enlaces de inter\u00e9s a otros sitios Web<\/span><\/h2>\n<p><span style=\"color: #ffffff;\"><!-- \/wp:heading --><!-- wp:paragraph --><\/span><\/p>\n<p><span style=\"color: #ffffff;\">El Titular puede proporcionarle acceso a sitios Web de terceros mediante enlaces con la finalidad de informar sobre la existencia de otras fuentes de informaci\u00f3n en Internet en las que podr\u00e1 ampliar los datos ofrecidos en el sitio Web.<\/span><\/p>\n<p><span style=\"color: #ffffff;\"><!-- \/wp:paragraph --><!-- wp:paragraph --><\/span><\/p>\n<p><span style=\"color: #ffffff;\">Estos enlaces a otros sitios Web no suponen en ning\u00fan caso una sugerencia o recomendaci\u00f3n para que usted visite las p\u00e1ginas web de destino, que est\u00e1n fuera del control del Titular, por lo que Titular no es responsable del contenido de los sitios web vinculados ni del resultado que obtenga al seguir los enlaces.<\/span><\/p>\n<p><span style=\"color: #ffffff;\"><!-- \/wp:paragraph --><!-- wp:paragraph --><\/span><\/p>\n<p><span style=\"color: #ffffff;\">Asimismo, el Titular no responde de los links o enlaces ubicados en los sitios web vinculados a los que le proporciona acceso.<\/span><\/p>\n<p><span style=\"color: #ffffff;\"><!-- \/wp:paragraph --><!-- wp:paragraph --><\/span><\/p>\n<p><span style=\"color: #ffffff;\">El establecimiento del enlace no implica en ning\u00fan caso la existencia de relaciones entre Titular y el propietario del sitio en el que se establezca el enlace, ni la aceptaci\u00f3n o aprobaci\u00f3n por parte del Titular de sus contenidos o servicios.<\/span><\/p>\n<p><span style=\"color: #ffffff;\"><!-- \/wp:paragraph --><!-- wp:paragraph --><\/span><\/p>\n<p><span style=\"color: #ffffff;\">Si accede a un sitio Web externo desde un enlace que encuentre en el Sitio Web usted deber\u00e1 leer la propia pol\u00edtica de privacidad del otro sitio web que puede ser diferente de la de este sitio Web.<\/span><\/p>\n<!-- \/wp:paragraph -->\t\t\t\t\t\t<\/div>\n\t\t\t\t<\/div>\n\t\t\t\t\t<\/div>\n\t\t<\/div>\n\t\t\t\t\t<\/div>\n\t\t<\/section>\n\t\t\t\t<\/div>\n\t\t","protected":false},"excerpt":{"rendered":"<p>Medidas de seguridad Los datos personales que facilite al Titular pueden ser almacenados en bases de datos automatizadas o no, cuya titularidad corresponde en exclusiva a el Titular, que asume todas las medidas de \u00edndole t\u00e9cnica, organizativa y de seguridad que garantizan la confidencialidad, integridad y calidad de la informaci\u00f3n contenida en las mismas de [&hellip;]<\/p>\n","protected":false},"author":1,"featured_media":0,"parent":0,"menu_order":0,"comment_status":"closed","ping_status":"closed","template":"","meta":{"site-sidebar-layout":"default","site-content-layout":"default","ast-site-content-layout":"","site-content-style":"default","site-sidebar-style":"default","ast-global-header-display":"","ast-banner-title-visibility":"","ast-main-header-display":"","ast-hfb-above-header-display":"","ast-hfb-below-header-display":"","ast-hfb-mobile-header-display":"","site-post-title":"","ast-breadcrumbs-content":"","ast-featured-img":"","footer-sml-layout":"","theme-transparent-header-meta":"default","adv-header-id-meta":"","stick-header-meta":"default","header-above-stick-meta":"","header-main-stick-meta":"","header-below-stick-meta":"","astra-migrate-meta-layouts":"default","ast-page-background-enabled":"default","ast-page-background-meta":{"desktop":{"background-color":"","background-image":"","background-repeat":"repeat","background-position":"center center","background-size":"auto","background-attachment":"scroll","background-type":"","background-media":"","overlay-type":"","overlay-color":"","overlay-opacity":"","overlay-gradient":""},"tablet":{"background-color":"","background-image":"","background-repeat":"repeat","background-position":"center center","background-size":"auto","background-attachment":"scroll","background-type":"","background-media":"","overlay-type":"","overlay-color":"","overlay-opacity":"","overlay-gradient":""},"mobile":{"background-color":"","background-image":"","background-repeat":"repeat","background-position":"center center","background-size":"auto","background-attachment":"scroll","background-type":"","background-media":"","overlay-type":"","overlay-color":"","overlay-opacity":"","overlay-gradient":""}},"ast-content-background-meta":{"desktop":{"background-color":"var(--ast-global-color-5)","background-image":"","background-repeat":"repeat","background-position":"center center","background-size":"auto","background-attachment":"scroll","background-type":"","background-media":"","overlay-type":"","overlay-color":"","overlay-opacity":"","overlay-gradient":""},"tablet":{"background-color":"var(--ast-global-color-5)","background-image":"","background-repeat":"repeat","background-position":"center center","background-size":"auto","background-attachment":"scroll","background-type":"","background-media":"","overlay-type":"","overlay-color":"","overlay-opacity":"","overlay-gradient":""},"mobile":{"background-color":"var(--ast-global-color-5)","background-image":"","background-repeat":"repeat","background-position":"center center","background-size":"auto","background-attachment":"scroll","background-type":"","background-media":"","overlay-type":"","overlay-color":"","overlay-opacity":"","overlay-gradient":""}},"footnotes":""},"class_list":["post-2274","page","type-page","status-publish","hentry"],"yoast_head":"<!-- This site is optimized with the Yoast SEO plugin v24.0 - https:\/\/yoast.com\/wordpress\/plugins\/seo\/ -->\n<title>Politicas de cookies | Banner pedia<\/title>\n<meta name=\"robots\" content=\"index, follow, max-snippet:-1, max-image-preview:large, max-video-preview:-1\" \/>\n<link rel=\"canonical\" href=\"https:\/\/bannerpedia.com\/index.php\/politicas-de-cookies\/\" \/>\n<meta property=\"og:locale\" content=\"en_US\" \/>\n<meta property=\"og:type\" content=\"article\" \/>\n<meta property=\"og:title\" content=\"Politicas de cookies | Banner pedia\" \/>\n<meta property=\"og:description\" content=\"Medidas de seguridad Los datos personales que facilite al Titular pueden ser almacenados en bases de datos automatizadas o no, cuya titularidad corresponde en exclusiva a el Titular, que asume todas las medidas de \u00edndole t\u00e9cnica, organizativa y de seguridad que garantizan la confidencialidad, integridad y calidad de la informaci\u00f3n contenida en las mismas de [&hellip;]\" \/>\n<meta property=\"og:url\" content=\"https:\/\/bannerpedia.com\/index.php\/politicas-de-cookies\/\" \/>\n<meta property=\"og:site_name\" content=\"Banner pedia\" \/>\n<meta property=\"article:modified_time\" content=\"2022-11-15T18:03:58+00:00\" \/>\n<meta name=\"twitter:card\" content=\"summary_large_image\" \/>\n<meta name=\"twitter:label1\" content=\"Est. reading time\" \/>\n\t<meta name=\"twitter:data1\" content=\"4 minutes\" \/>\n<script type=\"application\/ld+json\" class=\"yoast-schema-graph\">{\"@context\":\"https:\/\/schema.org\",\"@graph\":[{\"@type\":\"WebPage\",\"@id\":\"https:\/\/bannerpedia.com\/index.php\/politicas-de-cookies\/\",\"url\":\"https:\/\/bannerpedia.com\/index.php\/politicas-de-cookies\/\",\"name\":\"Politicas de cookies | Banner pedia\",\"isPartOf\":{\"@id\":\"https:\/\/bannerpedia.com\/#website\"},\"datePublished\":\"2020-06-21T13:13:33+00:00\",\"dateModified\":\"2022-11-15T18:03:58+00:00\",\"breadcrumb\":{\"@id\":\"https:\/\/bannerpedia.com\/index.php\/politicas-de-cookies\/#breadcrumb\"},\"inLanguage\":\"en-US\",\"potentialAction\":[{\"@type\":\"ReadAction\",\"target\":[\"https:\/\/bannerpedia.com\/index.php\/politicas-de-cookies\/\"]}]},{\"@type\":\"BreadcrumbList\",\"@id\":\"https:\/\/bannerpedia.com\/index.php\/politicas-de-cookies\/#breadcrumb\",\"itemListElement\":[{\"@type\":\"ListItem\",\"position\":1,\"name\":\"Portada\",\"item\":\"https:\/\/bannerpedia.com\/\"},{\"@type\":\"ListItem\",\"position\":2,\"name\":\"Politicas de cookies\"}]},{\"@type\":\"WebSite\",\"@id\":\"https:\/\/bannerpedia.com\/#website\",\"url\":\"https:\/\/bannerpedia.com\/\",\"name\":\"Banner pedia\",\"description\":\"\",\"publisher\":{\"@id\":\"https:\/\/bannerpedia.com\/#organization\"},\"potentialAction\":[{\"@type\":\"SearchAction\",\"target\":{\"@type\":\"EntryPoint\",\"urlTemplate\":\"https:\/\/bannerpedia.com\/?s={search_term_string}\"},\"query-input\":{\"@type\":\"PropertyValueSpecification\",\"valueRequired\":true,\"valueName\":\"search_term_string\"}}],\"inLanguage\":\"en-US\"},{\"@type\":\"Organization\",\"@id\":\"https:\/\/bannerpedia.com\/#organization\",\"name\":\"Banner pedia\",\"url\":\"https:\/\/bannerpedia.com\/\",\"logo\":{\"@type\":\"ImageObject\",\"inLanguage\":\"en-US\",\"@id\":\"https:\/\/bannerpedia.com\/#\/schema\/logo\/image\/\",\"url\":\"https:\/\/bannerpedia.com\/wp-content\/uploads\/2020\/05\/logo-banner-pedia-e1591752807397.png\",\"contentUrl\":\"https:\/\/bannerpedia.com\/wp-content\/uploads\/2020\/05\/logo-banner-pedia-e1591752807397.png\",\"width\":150,\"height\":98,\"caption\":\"Banner pedia\"},\"image\":{\"@id\":\"https:\/\/bannerpedia.com\/#\/schema\/logo\/image\/\"}}]}<\/script>\n<!-- \/ Yoast SEO plugin. -->","yoast_head_json":{"title":"Politicas de cookies | Banner pedia","robots":{"index":"index","follow":"follow","max-snippet":"max-snippet:-1","max-image-preview":"max-image-preview:large","max-video-preview":"max-video-preview:-1"},"canonical":"https:\/\/bannerpedia.com\/index.php\/politicas-de-cookies\/","og_locale":"en_US","og_type":"article","og_title":"Politicas de cookies | Banner pedia","og_description":"Medidas de seguridad Los datos personales que facilite al Titular pueden ser almacenados en bases de datos automatizadas o no, cuya titularidad corresponde en exclusiva a el Titular, que asume todas las medidas de \u00edndole t\u00e9cnica, organizativa y de seguridad que garantizan la confidencialidad, integridad y calidad de la informaci\u00f3n contenida en las mismas de [&hellip;]","og_url":"https:\/\/bannerpedia.com\/index.php\/politicas-de-cookies\/","og_site_name":"Banner pedia","article_modified_time":"2022-11-15T18:03:58+00:00","twitter_card":"summary_large_image","twitter_misc":{"Est. reading time":"4 minutes"},"schema":{"@context":"https:\/\/schema.org","@graph":[{"@type":"WebPage","@id":"https:\/\/bannerpedia.com\/index.php\/politicas-de-cookies\/","url":"https:\/\/bannerpedia.com\/index.php\/politicas-de-cookies\/","name":"Politicas de cookies | Banner pedia","isPartOf":{"@id":"https:\/\/bannerpedia.com\/#website"},"datePublished":"2020-06-21T13:13:33+00:00","dateModified":"2022-11-15T18:03:58+00:00","breadcrumb":{"@id":"https:\/\/bannerpedia.com\/index.php\/politicas-de-cookies\/#breadcrumb"},"inLanguage":"en-US","potentialAction":[{"@type":"ReadAction","target":["https:\/\/bannerpedia.com\/index.php\/politicas-de-cookies\/"]}]},{"@type":"BreadcrumbList","@id":"https:\/\/bannerpedia.com\/index.php\/politicas-de-cookies\/#breadcrumb","itemListElement":[{"@type":"ListItem","position":1,"name":"Portada","item":"https:\/\/bannerpedia.com\/"},{"@type":"ListItem","position":2,"name":"Politicas de cookies"}]},{"@type":"WebSite","@id":"https:\/\/bannerpedia.com\/#website","url":"https:\/\/bannerpedia.com\/","name":"Banner pedia","description":"","publisher":{"@id":"https:\/\/bannerpedia.com\/#organization"},"potentialAction":[{"@type":"SearchAction","target":{"@type":"EntryPoint","urlTemplate":"https:\/\/bannerpedia.com\/?s={search_term_string}"},"query-input":{"@type":"PropertyValueSpecification","valueRequired":true,"valueName":"search_term_string"}}],"inLanguage":"en-US"},{"@type":"Organization","@id":"https:\/\/bannerpedia.com\/#organization","name":"Banner pedia","url":"https:\/\/bannerpedia.com\/","logo":{"@type":"ImageObject","inLanguage":"en-US","@id":"https:\/\/bannerpedia.com\/#\/schema\/logo\/image\/","url":"https:\/\/bannerpedia.com\/wp-content\/uploads\/2020\/05\/logo-banner-pedia-e1591752807397.png","contentUrl":"https:\/\/bannerpedia.com\/wp-content\/uploads\/2020\/05\/logo-banner-pedia-e1591752807397.png","width":150,"height":98,"caption":"Banner pedia"},"image":{"@id":"https:\/\/bannerpedia.com\/#\/schema\/logo\/image\/"}}]}},"_links":{"self":[{"href":"https:\/\/bannerpedia.com\/index.php\/wp-json\/wp\/v2\/pages\/2274","targetHints":{"allow":["GET"]}}],"collection":[{"href":"https:\/\/bannerpedia.com\/index.php\/wp-json\/wp\/v2\/pages"}],"about":[{"href":"https:\/\/bannerpedia.com\/index.php\/wp-json\/wp\/v2\/types\/page"}],"author":[{"embeddable":true,"href":"https:\/\/bannerpedia.com\/index.php\/wp-json\/wp\/v2\/users\/1"}],"replies":[{"embeddable":true,"href":"https:\/\/bannerpedia.com\/index.php\/wp-json\/wp\/v2\/comments?post=2274"}],"version-history":[{"count":4,"href":"https:\/\/bannerpedia.com\/index.php\/wp-json\/wp\/v2\/pages\/2274\/revisions"}],"predecessor-version":[{"id":6345,"href":"https:\/\/bannerpedia.com\/index.php\/wp-json\/wp\/v2\/pages\/2274\/revisions\/6345"}],"wp:attachment":[{"href":"https:\/\/bannerpedia.com\/index.php\/wp-json\/wp\/v2\/media?parent=2274"}],"curies":[{"name":"wp","href":"https:\/\/api.w.org\/{rel}","templated":true}]}}