{"id":69,"date":"2020-05-02T21:33:54","date_gmt":"2020-05-03T00:33:54","guid":{"rendered":"https:\/\/bannerpedia.com\/?page_id=69"},"modified":"2022-11-15T15:09:34","modified_gmt":"2022-11-15T18:09:34","slug":"sobre-nosotros","status":"publish","type":"page","link":"https:\/\/bannerpedia.com\/index.php\/sobre-nosotros\/","title":{"rendered":"Sobre Nosotros"},"content":{"rendered":"\t\t<div data-elementor-type=\"wp-page\" data-elementor-id=\"69\" class=\"elementor elementor-69\" data-elementor-post-type=\"page\">\n\t\t\t\t\t\t<section class=\"elementor-section elementor-top-section elementor-element elementor-element-0582e78 elementor-section-boxed elementor-section-height-default elementor-section-height-default\" data-id=\"0582e78\" data-element_type=\"section\" data-settings=\"{&quot;shape_divider_top&quot;:&quot;triangle&quot;,&quot;shape_divider_bottom&quot;:&quot;triangle-asymmetrical&quot;}\">\n\t\t\t\t\t\t\t<div class=\"elementor-background-overlay\"><\/div>\n\t\t\t\t\t\t<div class=\"elementor-shape elementor-shape-top\" data-negative=\"false\">\n\t\t\t<svg xmlns=\"http:\/\/www.w3.org\/2000\/svg\" viewBox=\"0 0 1000 100\" preserveAspectRatio=\"none\">\n\t<path class=\"elementor-shape-fill\" d=\"M500,98.9L0,6.1V0h1000v6.1L500,98.9z\"\/>\n<\/svg>\t\t<\/div>\n\t\t\t\t<div class=\"elementor-shape elementor-shape-bottom\" data-negative=\"false\">\n\t\t\t<svg xmlns=\"http:\/\/www.w3.org\/2000\/svg\" viewBox=\"0 0 1000 100\" preserveAspectRatio=\"none\">\n\t<path class=\"elementor-shape-fill\" d=\"M738,99l262-93V0H0v5.6L738,99z\"\/>\n<\/svg>\t\t<\/div>\n\t\t\t\t\t<div class=\"elementor-container elementor-column-gap-default\">\n\t\t\t\t\t<div class=\"elementor-column elementor-col-100 elementor-top-column elementor-element elementor-element-5788057\" data-id=\"5788057\" data-element_type=\"column\">\n\t\t\t<div class=\"elementor-widget-wrap elementor-element-populated\">\n\t\t\t\t\t\t<div class=\"elementor-element elementor-element-eb46612 elementor-widget elementor-widget-image\" data-id=\"eb46612\" data-element_type=\"widget\" data-widget_type=\"image.default\">\n\t\t\t\t<div class=\"elementor-widget-container\">\n\t\t\t\t\t\t\t\t\t\t\t\t\t<img decoding=\"async\" src=\"https:\/\/bannerpedia.com\/wp-content\/uploads\/elementor\/thumbs\/logo-banner-pedia-copia-e1592677204881-orb2z950eahji4wghfbbqc5tcmh5skvt2cz23wkl28.png\" title=\"logo banner pedia copia\" alt=\"logo banner pedia copia\" loading=\"lazy\" \/>\t\t\t\t\t\t\t\t\t\t\t\t\t<\/div>\n\t\t\t\t<\/div>\n\t\t\t\t\t<\/div>\n\t\t<\/div>\n\t\t\t\t\t<\/div>\n\t\t<\/section>\n\t\t\t\t<section class=\"elementor-section elementor-top-section elementor-element elementor-element-253ebac3 elementor-section-full_width elementor-section-content-middle elementor-section-height-default elementor-section-height-default\" data-id=\"253ebac3\" data-element_type=\"section\" data-settings=\"{&quot;shape_divider_top&quot;:&quot;triangle-asymmetrical&quot;,&quot;background_background&quot;:&quot;classic&quot;}\">\n\t\t\t\t\t<div class=\"elementor-shape elementor-shape-top\" data-negative=\"false\">\n\t\t\t<svg xmlns=\"http:\/\/www.w3.org\/2000\/svg\" viewBox=\"0 0 1000 100\" preserveAspectRatio=\"none\">\n\t<path class=\"elementor-shape-fill\" d=\"M738,99l262-93V0H0v5.6L738,99z\"\/>\n<\/svg>\t\t<\/div>\n\t\t\t\t\t<div class=\"elementor-container elementor-column-gap-no\">\n\t\t\t\t\t<div class=\"elementor-column elementor-col-50 elementor-top-column elementor-element elementor-element-727e38f6\" data-id=\"727e38f6\" data-element_type=\"column\" data-settings=\"{&quot;background_background&quot;:&quot;classic&quot;}\">\n\t\t\t<div class=\"elementor-widget-wrap\">\n\t\t\t\t\t<div class=\"elementor-background-overlay\"><\/div>\n\t\t\t\t\t\t\t<\/div>\n\t\t<\/div>\n\t\t\t\t<div class=\"elementor-column elementor-col-50 elementor-top-column elementor-element elementor-element-1ac3ee17\" data-id=\"1ac3ee17\" data-element_type=\"column\">\n\t\t\t<div class=\"elementor-widget-wrap elementor-element-populated\">\n\t\t\t\t\t\t<div class=\"elementor-element elementor-element-3043cbe1 elementor-widget elementor-widget-text-editor\" data-id=\"3043cbe1\" data-element_type=\"widget\" data-widget_type=\"text-editor.default\">\n\t\t\t\t<div class=\"elementor-widget-container\">\n\t\t\t\t\t\t\t<p>La idea de <strong>Banner Pedia<\/strong> es ayudar a criadores y no criadores caninos a encontrar todo lo que puedan necesitar para sus ejemplares o criaderos.<\/p>\t\t\t\t\t\t<\/div>\n\t\t\t\t<\/div>\n\t\t\t\t<div class=\"elementor-element elementor-element-d974337 elementor-widget elementor-widget-text-editor\" data-id=\"d974337\" data-element_type=\"widget\" data-widget_type=\"text-editor.default\">\n\t\t\t\t<div class=\"elementor-widget-container\">\n\t\t\t\t\t\t\t<div dir=\"auto\"><p>Esta Pagina web facilitara a las personas a encontrar y conectar con otras personas de todo el mundo con sus mismas aficiones relacionadas con el mundo canino y de ciertas razas en concreto, pudiendo as\u00ed encontrar ejemplares con sus mismas l\u00edneas de sangre, colores, estructuras, etc.<\/p><p>Colaboraremos con fot\u00f3grafos, revistas, dise\u00f1adores, registros, Handler, alimentos caninos, bancos de reproducci\u00f3n caninos y todo lo que podr\u00edas necesitar para tu ejemplar en cualquier parte del mundo.<\/p><\/div>\t\t\t\t\t\t<\/div>\n\t\t\t\t<\/div>\n\t\t\t\t\t<\/div>\n\t\t<\/div>\n\t\t\t\t\t<\/div>\n\t\t<\/section>\n\t\t\t\t<section class=\"elementor-section elementor-top-section elementor-element elementor-element-78e353d elementor-section-boxed elementor-section-height-default elementor-section-height-default\" data-id=\"78e353d\" data-element_type=\"section\" data-settings=\"{&quot;background_background&quot;:&quot;classic&quot;,&quot;shape_divider_top&quot;:&quot;opacity-tilt&quot;}\">\n\t\t\t\t\t<div class=\"elementor-shape elementor-shape-top\" data-negative=\"false\">\n\t\t\t<svg xmlns=\"http:\/\/www.w3.org\/2000\/svg\" viewBox=\"0 0 2600 131.1\" preserveAspectRatio=\"none\">\n\t<path class=\"elementor-shape-fill\" d=\"M0 0L2600 0 2600 69.1 0 0z\"\/>\n\t<path class=\"elementor-shape-fill\" style=\"opacity:0.5\" d=\"M0 0L2600 0 2600 69.1 0 69.1z\"\/>\n\t<path class=\"elementor-shape-fill\" style=\"opacity:0.25\" d=\"M2600 0L0 0 0 130.1 2600 69.1z\"\/>\n<\/svg>\t\t<\/div>\n\t\t\t\t\t<div class=\"elementor-container elementor-column-gap-default\">\n\t\t\t\t\t<div class=\"elementor-column elementor-col-100 elementor-top-column elementor-element elementor-element-1be2e19\" data-id=\"1be2e19\" data-element_type=\"column\">\n\t\t\t<div class=\"elementor-widget-wrap elementor-element-populated\">\n\t\t\t\t\t\t<div class=\"elementor-element elementor-element-3d2c9a0 elementor-widget elementor-widget-text-editor\" data-id=\"3d2c9a0\" data-element_type=\"widget\" data-widget_type=\"text-editor.default\">\n\t\t\t\t<div class=\"elementor-widget-container\">\n\t\t\t\t\t\t\t<p>\u00bfQuieres tener un \u00e1rbol geneal\u00f3gico de tu perro? En Bannerpedia podemos ayudarte contactanos en redes sociales para que tu ejemplar se vea as\u00ed en un hermoso y ordenado Banner con toda su linea genealogica.<\/p>\t\t\t\t\t\t<\/div>\n\t\t\t\t<\/div>\n\t\t\t\t<div class=\"elementor-element elementor-element-74f5bfb elementor-arrows-position-inside elementor-pagination-position-outside elementor-widget elementor-widget-image-carousel\" data-id=\"74f5bfb\" data-element_type=\"widget\" data-settings=\"{&quot;slides_to_show&quot;:&quot;3&quot;,&quot;slides_to_scroll&quot;:&quot;1&quot;,&quot;navigation&quot;:&quot;both&quot;,&quot;autoplay&quot;:&quot;yes&quot;,&quot;pause_on_hover&quot;:&quot;yes&quot;,&quot;pause_on_interaction&quot;:&quot;yes&quot;,&quot;autoplay_speed&quot;:5000,&quot;infinite&quot;:&quot;yes&quot;,&quot;speed&quot;:500,&quot;image_spacing_custom&quot;:{&quot;unit&quot;:&quot;px&quot;,&quot;size&quot;:20,&quot;sizes&quot;:[]},&quot;image_spacing_custom_tablet&quot;:{&quot;unit&quot;:&quot;px&quot;,&quot;size&quot;:&quot;&quot;,&quot;sizes&quot;:[]},&quot;image_spacing_custom_mobile&quot;:{&quot;unit&quot;:&quot;px&quot;,&quot;size&quot;:&quot;&quot;,&quot;sizes&quot;:[]}}\" data-widget_type=\"image-carousel.default\">\n\t\t\t\t<div class=\"elementor-widget-container\">\n\t\t\t\t\t<div class=\"elementor-image-carousel-wrapper swiper\" dir=\"ltr\">\n\t\t\t<div class=\"elementor-image-carousel swiper-wrapper\" aria-live=\"off\">\n\t\t\t\t\t\t\t\t<div class=\"swiper-slide\" role=\"group\" aria-roledescription=\"slide\" aria-label=\"1 of 7\"><figure class=\"swiper-slide-inner\"><img decoding=\"async\" class=\"swiper-slide-image\" src=\"https:\/\/bannerpedia.com\/wp-content\/uploads\/2020\/06\/JACKELIN-SUPERMAN-scaled.jpg\" alt=\"JACKELIN SUPERMAN\" \/><\/figure><\/div><div class=\"swiper-slide\" role=\"group\" aria-roledescription=\"slide\" aria-label=\"2 of 7\"><figure class=\"swiper-slide-inner\"><img decoding=\"async\" class=\"swiper-slide-image\" src=\"https:\/\/bannerpedia.com\/wp-content\/uploads\/2020\/06\/TABASCO-scaled.jpg\" alt=\"TABASCO\" \/><\/figure><\/div><div class=\"swiper-slide\" role=\"group\" aria-roledescription=\"slide\" aria-label=\"3 of 7\"><figure class=\"swiper-slide-inner\"><img decoding=\"async\" class=\"swiper-slide-image\" src=\"https:\/\/bannerpedia.com\/wp-content\/uploads\/2020\/06\/GINO-MR-SNICKER-scaled.jpg\" alt=\"GINO MR SNICKER\" \/><\/figure><\/div><div class=\"swiper-slide\" role=\"group\" aria-roledescription=\"slide\" aria-label=\"4 of 7\"><figure class=\"swiper-slide-inner\"><img decoding=\"async\" class=\"swiper-slide-image\" src=\"https:\/\/bannerpedia.com\/wp-content\/uploads\/2020\/06\/APOLO-1-scaled.jpg\" alt=\"APOLO (1)\" \/><\/figure><\/div><div class=\"swiper-slide\" role=\"group\" aria-roledescription=\"slide\" aria-label=\"5 of 7\"><figure class=\"swiper-slide-inner\"><img decoding=\"async\" class=\"swiper-slide-image\" src=\"https:\/\/bannerpedia.com\/wp-content\/uploads\/2020\/06\/EDUARDO-THANOS-scaled.jpg\" alt=\"EDUARDO THANOS\" \/><\/figure><\/div><div class=\"swiper-slide\" role=\"group\" aria-roledescription=\"slide\" aria-label=\"6 of 7\"><figure class=\"swiper-slide-inner\"><img decoding=\"async\" class=\"swiper-slide-image\" src=\"https:\/\/bannerpedia.com\/wp-content\/uploads\/2020\/06\/jhonatan-apollo-scaled.jpg\" alt=\"jhonatan apollo\" \/><\/figure><\/div><div class=\"swiper-slide\" role=\"group\" aria-roledescription=\"slide\" aria-label=\"7 of 7\"><figure class=\"swiper-slide-inner\"><img decoding=\"async\" class=\"swiper-slide-image\" src=\"https:\/\/bannerpedia.com\/wp-content\/uploads\/2020\/06\/DARKO.jpg\" alt=\"DARKO\" \/><\/figure><\/div>\t\t\t<\/div>\n\t\t\t\t\t\t\t\t\t\t\t\t<div class=\"elementor-swiper-button elementor-swiper-button-prev\" role=\"button\" tabindex=\"0\">\n\t\t\t\t\t\t<i aria-hidden=\"true\" class=\"eicon-chevron-left\"><\/i>\t\t\t\t\t<\/div>\n\t\t\t\t\t<div class=\"elementor-swiper-button elementor-swiper-button-next\" role=\"button\" tabindex=\"0\">\n\t\t\t\t\t\t<i aria-hidden=\"true\" class=\"eicon-chevron-right\"><\/i>\t\t\t\t\t<\/div>\n\t\t\t\t\n\t\t\t\t\t\t\t\t\t<div class=\"swiper-pagination\"><\/div>\n\t\t\t\t\t\t\t\t\t<\/div>\n\t\t\t\t<\/div>\n\t\t\t\t<\/div>\n\t\t\t\t<div class=\"elementor-element elementor-element-f34a9c8 elementor-widget elementor-widget-heading\" data-id=\"f34a9c8\" data-element_type=\"widget\" data-widget_type=\"heading.default\">\n\t\t\t\t<div class=\"elementor-widget-container\">\n\t\t\t<h2 class=\"elementor-heading-title elementor-size-default\">REDES SOCIALES BANNERPEDIA <\/h2>\t\t<\/div>\n\t\t\t\t<\/div>\n\t\t\t\t<div class=\"elementor-element elementor-element-5aaad58 elementor-shape-rounded elementor-grid-0 e-grid-align-center elementor-widget elementor-widget-social-icons\" data-id=\"5aaad58\" data-element_type=\"widget\" data-widget_type=\"social-icons.default\">\n\t\t\t\t<div class=\"elementor-widget-container\">\n\t\t\t\t\t<div class=\"elementor-social-icons-wrapper elementor-grid\">\n\t\t\t\t\t\t\t<span class=\"elementor-grid-item\">\n\t\t\t\t\t<a class=\"elementor-icon elementor-social-icon elementor-social-icon-facebook elementor-repeater-item-3b7c060\" href=\"https:\/\/www.facebook.com\/Banner-Pedia-115519786762460\/\" target=\"_blank\">\n\t\t\t\t\t\t<span class=\"elementor-screen-only\">Facebook<\/span>\n\t\t\t\t\t\t<i class=\"fab fa-facebook\"><\/i>\t\t\t\t\t<\/a>\n\t\t\t\t<\/span>\n\t\t\t\t\t\t\t<span class=\"elementor-grid-item\">\n\t\t\t\t\t<a class=\"elementor-icon elementor-social-icon elementor-social-icon-whatsapp elementor-repeater-item-f422357\" href=\"https:\/\/api.whatsapp.com\/send?phone=56921701033&#038;text=Hi%20Bannerpedia\" target=\"_blank\">\n\t\t\t\t\t\t<span class=\"elementor-screen-only\">Whatsapp<\/span>\n\t\t\t\t\t\t<i class=\"fab fa-whatsapp\"><\/i>\t\t\t\t\t<\/a>\n\t\t\t\t<\/span>\n\t\t\t\t\t\t\t<span class=\"elementor-grid-item\">\n\t\t\t\t\t<a class=\"elementor-icon elementor-social-icon elementor-social-icon-instagram elementor-repeater-item-5ae48a9\" href=\"https:\/\/www.instagram.com\/banner_pedia\/\" target=\"_blank\">\n\t\t\t\t\t\t<span class=\"elementor-screen-only\">Instagram<\/span>\n\t\t\t\t\t\t<i class=\"fab fa-instagram\"><\/i>\t\t\t\t\t<\/a>\n\t\t\t\t<\/span>\n\t\t\t\t\t<\/div>\n\t\t\t\t<\/div>\n\t\t\t\t<\/div>\n\t\t\t\t\t<\/div>\n\t\t<\/div>\n\t\t\t\t\t<\/div>\n\t\t<\/section>\n\t\t\t\t<\/div>\n\t\t","protected":false},"excerpt":{"rendered":"<p>La idea de Banner Pedia es ayudar a criadores y no criadores caninos a encontrar todo lo que puedan necesitar para sus ejemplares o criaderos. Esta Pagina web facilitara a las personas a encontrar y conectar con otras personas de todo el mundo con sus mismas aficiones relacionadas con el mundo canino y de ciertas [&hellip;]<\/p>\n","protected":false},"author":1,"featured_media":0,"parent":0,"menu_order":0,"comment_status":"closed","ping_status":"closed","template":"","meta":{"site-sidebar-layout":"no-sidebar","site-content-layout":"page-builder","ast-site-content-layout":"","site-content-style":"default","site-sidebar-style":"default","ast-global-header-display":"","ast-banner-title-visibility":"","ast-main-header-display":"","ast-hfb-above-header-display":"","ast-hfb-below-header-display":"","ast-hfb-mobile-header-display":"","site-post-title":"disabled","ast-breadcrumbs-content":"disabled","ast-featured-img":"disabled","footer-sml-layout":"disabled","theme-transparent-header-meta":"default","adv-header-id-meta":"","stick-header-meta":"default","header-above-stick-meta":"","header-main-stick-meta":"","header-below-stick-meta":"","astra-migrate-meta-layouts":"default","ast-page-background-enabled":"default","ast-page-background-meta":{"desktop":{"background-color":"","background-image":"","background-repeat":"repeat","background-position":"center center","background-size":"auto","background-attachment":"scroll","background-type":"","background-media":"","overlay-type":"","overlay-color":"","overlay-opacity":"","overlay-gradient":""},"tablet":{"background-color":"","background-image":"","background-repeat":"repeat","background-position":"center center","background-size":"auto","background-attachment":"scroll","background-type":"","background-media":"","overlay-type":"","overlay-color":"","overlay-opacity":"","overlay-gradient":""},"mobile":{"background-color":"","background-image":"","background-repeat":"repeat","background-position":"center center","background-size":"auto","background-attachment":"scroll","background-type":"","background-media":"","overlay-type":"","overlay-color":"","overlay-opacity":"","overlay-gradient":""}},"ast-content-background-meta":{"desktop":{"background-color":"var(--ast-global-color-5)","background-image":"","background-repeat":"repeat","background-position":"center center","background-size":"auto","background-attachment":"scroll","background-type":"","background-media":"","overlay-type":"","overlay-color":"","overlay-opacity":"","overlay-gradient":""},"tablet":{"background-color":"var(--ast-global-color-5)","background-image":"","background-repeat":"repeat","background-position":"center center","background-size":"auto","background-attachment":"scroll","background-type":"","background-media":"","overlay-type":"","overlay-color":"","overlay-opacity":"","overlay-gradient":""},"mobile":{"background-color":"var(--ast-global-color-5)","background-image":"","background-repeat":"repeat","background-position":"center center","background-size":"auto","background-attachment":"scroll","background-type":"","background-media":"","overlay-type":"","overlay-color":"","overlay-opacity":"","overlay-gradient":""}},"footnotes":""},"class_list":["post-69","page","type-page","status-publish","hentry"],"yoast_head":"<!-- This site is optimized with the Yoast SEO plugin v24.0 - https:\/\/yoast.com\/wordpress\/plugins\/seo\/ -->\n<title>Sobre Nosotros | Bannerpedia.com | American Bully<\/title>\n<meta name=\"description\" content=\"Bannerpedia.com es la pagina especializada en la raza American Bully mas completa del mundo, puedes encontrar todo lo que necesitas para tu ejemplar \u2705\" \/>\n<meta name=\"robots\" content=\"index, follow, max-snippet:-1, max-image-preview:large, max-video-preview:-1\" \/>\n<link rel=\"canonical\" href=\"https:\/\/bannerpedia.com\/index.php\/sobre-nosotros\/\" \/>\n<meta property=\"og:locale\" content=\"en_US\" \/>\n<meta property=\"og:type\" content=\"article\" \/>\n<meta property=\"og:title\" content=\"Sobre Nosotros | Bannerpedia.com | American Bully\" \/>\n<meta property=\"og:description\" content=\"Bannerpedia.com es la pagina especializada en la raza American Bully mas completa del mundo, puedes encontrar todo lo que necesitas para tu ejemplar \u2705\" \/>\n<meta property=\"og:url\" content=\"https:\/\/bannerpedia.com\/index.php\/sobre-nosotros\/\" \/>\n<meta property=\"og:site_name\" content=\"Banner pedia\" \/>\n<meta property=\"article:modified_time\" content=\"2022-11-15T18:09:34+00:00\" \/>\n<meta property=\"og:image\" content=\"https:\/\/bannerpedia.com\/wp-content\/uploads\/elementor\/thumbs\/logo-banner-pedia-copia-e1592677204881-orb2z950eahji4wghfbbqc5tcmh5skvt2cz23wkl28.png\" \/>\n<meta name=\"twitter:card\" content=\"summary_large_image\" \/>\n<meta name=\"twitter:label1\" content=\"Est. reading time\" \/>\n\t<meta name=\"twitter:data1\" content=\"4 minutes\" \/>\n<script type=\"application\/ld+json\" class=\"yoast-schema-graph\">{\"@context\":\"https:\/\/schema.org\",\"@graph\":[{\"@type\":\"WebPage\",\"@id\":\"https:\/\/bannerpedia.com\/index.php\/sobre-nosotros\/\",\"url\":\"https:\/\/bannerpedia.com\/index.php\/sobre-nosotros\/\",\"name\":\"Sobre Nosotros | Bannerpedia.com | American Bully\",\"isPartOf\":{\"@id\":\"https:\/\/bannerpedia.com\/#website\"},\"primaryImageOfPage\":{\"@id\":\"https:\/\/bannerpedia.com\/index.php\/sobre-nosotros\/#primaryimage\"},\"image\":{\"@id\":\"https:\/\/bannerpedia.com\/index.php\/sobre-nosotros\/#primaryimage\"},\"thumbnailUrl\":\"https:\/\/bannerpedia.com\/wp-content\/uploads\/elementor\/thumbs\/logo-banner-pedia-copia-e1592677204881-orb2z950eahji4wghfbbqc5tcmh5skvt2cz23wkl28.png\",\"datePublished\":\"2020-05-03T00:33:54+00:00\",\"dateModified\":\"2022-11-15T18:09:34+00:00\",\"description\":\"Bannerpedia.com es la pagina especializada en la raza American Bully mas completa del mundo, puedes encontrar todo lo que necesitas para tu ejemplar \u2705\",\"breadcrumb\":{\"@id\":\"https:\/\/bannerpedia.com\/index.php\/sobre-nosotros\/#breadcrumb\"},\"inLanguage\":\"en-US\",\"potentialAction\":[{\"@type\":\"ReadAction\",\"target\":[\"https:\/\/bannerpedia.com\/index.php\/sobre-nosotros\/\"]}]},{\"@type\":\"ImageObject\",\"inLanguage\":\"en-US\",\"@id\":\"https:\/\/bannerpedia.com\/index.php\/sobre-nosotros\/#primaryimage\",\"url\":\"https:\/\/bannerpedia.com\/wp-content\/uploads\/elementor\/thumbs\/logo-banner-pedia-copia-e1592677204881-orb2z950eahji4wghfbbqc5tcmh5skvt2cz23wkl28.png\",\"contentUrl\":\"https:\/\/bannerpedia.com\/wp-content\/uploads\/elementor\/thumbs\/logo-banner-pedia-copia-e1592677204881-orb2z950eahji4wghfbbqc5tcmh5skvt2cz23wkl28.png\"},{\"@type\":\"BreadcrumbList\",\"@id\":\"https:\/\/bannerpedia.com\/index.php\/sobre-nosotros\/#breadcrumb\",\"itemListElement\":[{\"@type\":\"ListItem\",\"position\":1,\"name\":\"Portada\",\"item\":\"https:\/\/bannerpedia.com\/\"},{\"@type\":\"ListItem\",\"position\":2,\"name\":\"Sobre Nosotros\"}]},{\"@type\":\"WebSite\",\"@id\":\"https:\/\/bannerpedia.com\/#website\",\"url\":\"https:\/\/bannerpedia.com\/\",\"name\":\"Banner pedia\",\"description\":\"\",\"publisher\":{\"@id\":\"https:\/\/bannerpedia.com\/#organization\"},\"potentialAction\":[{\"@type\":\"SearchAction\",\"target\":{\"@type\":\"EntryPoint\",\"urlTemplate\":\"https:\/\/bannerpedia.com\/?s={search_term_string}\"},\"query-input\":{\"@type\":\"PropertyValueSpecification\",\"valueRequired\":true,\"valueName\":\"search_term_string\"}}],\"inLanguage\":\"en-US\"},{\"@type\":\"Organization\",\"@id\":\"https:\/\/bannerpedia.com\/#organization\",\"name\":\"Banner pedia\",\"url\":\"https:\/\/bannerpedia.com\/\",\"logo\":{\"@type\":\"ImageObject\",\"inLanguage\":\"en-US\",\"@id\":\"https:\/\/bannerpedia.com\/#\/schema\/logo\/image\/\",\"url\":\"https:\/\/bannerpedia.com\/wp-content\/uploads\/2020\/05\/logo-banner-pedia-e1591752807397.png\",\"contentUrl\":\"https:\/\/bannerpedia.com\/wp-content\/uploads\/2020\/05\/logo-banner-pedia-e1591752807397.png\",\"width\":150,\"height\":98,\"caption\":\"Banner pedia\"},\"image\":{\"@id\":\"https:\/\/bannerpedia.com\/#\/schema\/logo\/image\/\"}}]}<\/script>\n<!-- \/ Yoast SEO plugin. -->","yoast_head_json":{"title":"Sobre Nosotros | Bannerpedia.com | American Bully","description":"Bannerpedia.com es la pagina especializada en la raza American Bully mas completa del mundo, puedes encontrar todo lo que necesitas para tu ejemplar \u2705","robots":{"index":"index","follow":"follow","max-snippet":"max-snippet:-1","max-image-preview":"max-image-preview:large","max-video-preview":"max-video-preview:-1"},"canonical":"https:\/\/bannerpedia.com\/index.php\/sobre-nosotros\/","og_locale":"en_US","og_type":"article","og_title":"Sobre Nosotros | Bannerpedia.com | American Bully","og_description":"Bannerpedia.com es la pagina especializada en la raza American Bully mas completa del mundo, puedes encontrar todo lo que necesitas para tu ejemplar \u2705","og_url":"https:\/\/bannerpedia.com\/index.php\/sobre-nosotros\/","og_site_name":"Banner pedia","article_modified_time":"2022-11-15T18:09:34+00:00","og_image":[{"url":"https:\/\/bannerpedia.com\/wp-content\/uploads\/elementor\/thumbs\/logo-banner-pedia-copia-e1592677204881-orb2z950eahji4wghfbbqc5tcmh5skvt2cz23wkl28.png","type":"","width":"","height":""}],"twitter_card":"summary_large_image","twitter_misc":{"Est. reading time":"4 minutes"},"schema":{"@context":"https:\/\/schema.org","@graph":[{"@type":"WebPage","@id":"https:\/\/bannerpedia.com\/index.php\/sobre-nosotros\/","url":"https:\/\/bannerpedia.com\/index.php\/sobre-nosotros\/","name":"Sobre Nosotros | Bannerpedia.com | American Bully","isPartOf":{"@id":"https:\/\/bannerpedia.com\/#website"},"primaryImageOfPage":{"@id":"https:\/\/bannerpedia.com\/index.php\/sobre-nosotros\/#primaryimage"},"image":{"@id":"https:\/\/bannerpedia.com\/index.php\/sobre-nosotros\/#primaryimage"},"thumbnailUrl":"https:\/\/bannerpedia.com\/wp-content\/uploads\/elementor\/thumbs\/logo-banner-pedia-copia-e1592677204881-orb2z950eahji4wghfbbqc5tcmh5skvt2cz23wkl28.png","datePublished":"2020-05-03T00:33:54+00:00","dateModified":"2022-11-15T18:09:34+00:00","description":"Bannerpedia.com es la pagina especializada en la raza American Bully mas completa del mundo, puedes encontrar todo lo que necesitas para tu ejemplar \u2705","breadcrumb":{"@id":"https:\/\/bannerpedia.com\/index.php\/sobre-nosotros\/#breadcrumb"},"inLanguage":"en-US","potentialAction":[{"@type":"ReadAction","target":["https:\/\/bannerpedia.com\/index.php\/sobre-nosotros\/"]}]},{"@type":"ImageObject","inLanguage":"en-US","@id":"https:\/\/bannerpedia.com\/index.php\/sobre-nosotros\/#primaryimage","url":"https:\/\/bannerpedia.com\/wp-content\/uploads\/elementor\/thumbs\/logo-banner-pedia-copia-e1592677204881-orb2z950eahji4wghfbbqc5tcmh5skvt2cz23wkl28.png","contentUrl":"https:\/\/bannerpedia.com\/wp-content\/uploads\/elementor\/thumbs\/logo-banner-pedia-copia-e1592677204881-orb2z950eahji4wghfbbqc5tcmh5skvt2cz23wkl28.png"},{"@type":"BreadcrumbList","@id":"https:\/\/bannerpedia.com\/index.php\/sobre-nosotros\/#breadcrumb","itemListElement":[{"@type":"ListItem","position":1,"name":"Portada","item":"https:\/\/bannerpedia.com\/"},{"@type":"ListItem","position":2,"name":"Sobre Nosotros"}]},{"@type":"WebSite","@id":"https:\/\/bannerpedia.com\/#website","url":"https:\/\/bannerpedia.com\/","name":"Banner pedia","description":"","publisher":{"@id":"https:\/\/bannerpedia.com\/#organization"},"potentialAction":[{"@type":"SearchAction","target":{"@type":"EntryPoint","urlTemplate":"https:\/\/bannerpedia.com\/?s={search_term_string}"},"query-input":{"@type":"PropertyValueSpecification","valueRequired":true,"valueName":"search_term_string"}}],"inLanguage":"en-US"},{"@type":"Organization","@id":"https:\/\/bannerpedia.com\/#organization","name":"Banner pedia","url":"https:\/\/bannerpedia.com\/","logo":{"@type":"ImageObject","inLanguage":"en-US","@id":"https:\/\/bannerpedia.com\/#\/schema\/logo\/image\/","url":"https:\/\/bannerpedia.com\/wp-content\/uploads\/2020\/05\/logo-banner-pedia-e1591752807397.png","contentUrl":"https:\/\/bannerpedia.com\/wp-content\/uploads\/2020\/05\/logo-banner-pedia-e1591752807397.png","width":150,"height":98,"caption":"Banner pedia"},"image":{"@id":"https:\/\/bannerpedia.com\/#\/schema\/logo\/image\/"}}]}},"_links":{"self":[{"href":"https:\/\/bannerpedia.com\/index.php\/wp-json\/wp\/v2\/pages\/69","targetHints":{"allow":["GET"]}}],"collection":[{"href":"https:\/\/bannerpedia.com\/index.php\/wp-json\/wp\/v2\/pages"}],"about":[{"href":"https:\/\/bannerpedia.com\/index.php\/wp-json\/wp\/v2\/types\/page"}],"author":[{"embeddable":true,"href":"https:\/\/bannerpedia.com\/index.php\/wp-json\/wp\/v2\/users\/1"}],"replies":[{"embeddable":true,"href":"https:\/\/bannerpedia.com\/index.php\/wp-json\/wp\/v2\/comments?post=69"}],"version-history":[{"count":64,"href":"https:\/\/bannerpedia.com\/index.php\/wp-json\/wp\/v2\/pages\/69\/revisions"}],"predecessor-version":[{"id":6357,"href":"https:\/\/bannerpedia.com\/index.php\/wp-json\/wp\/v2\/pages\/69\/revisions\/6357"}],"wp:attachment":[{"href":"https:\/\/bannerpedia.com\/index.php\/wp-json\/wp\/v2\/media?parent=69"}],"curies":[{"name":"wp","href":"https:\/\/api.w.org\/{rel}","templated":true}]}}